{"id":693,"date":"2023-08-16T15:46:06","date_gmt":"2023-08-16T13:46:06","guid":{"rendered":"https:\/\/www.golfpark-rothenbach.de\/golfclub\/?page_id=693"},"modified":"2026-04-17T19:37:16","modified_gmt":"2026-04-17T17:37:16","slug":"home","status":"publish","type":"page","link":"https:\/\/www.golfpark-rothenbach.de\/golfclub\/","title":{"rendered":"Home"},"content":{"rendered":"<section class=\"bde-section-693-101 bde-section\">\n          \n          \n  \n\t\n\n\n\n<div class=\"section-container\"><div class=\"bde-columns-693-102 bde-columns\"><div class=\"bde-column-693-103 bde-column\">\n          \n          \n  \n\t\n\n\n\n<h1 class=\"bde-heading-693-104 bde-heading\">\n          \n          Willkommen im Golfclub Rothenbach e.V.\n         <\/h1><div class=\"bde-text-693-105 bde-text animate delay-3\">\n          \n          Hier dreht sich alles um das gr\u00fcne Spiel, gute Laune und Gemeinschaft. Egal, ob du ein erfahrener Golfer oder kompletter Anf\u00e4nger bist, bei uns bist du goldrichtig. Schau dich um und entdecke, was unseren Club so besonders macht - coole Anlage, tolle Angebote und vor allem jede Menge Spa\u00df!\n         <\/div><div class=\"bde-div-693-106 bde-div\">\n          \n          \n  \n\t\n\n\n\n<div class=\"bde-button-693-107 bde-button animate delay-4\">\n          \n              \n                                    \n    \n                    \n            \n                           \n                       \n                 \n\n    \n                    \n    <a class=\"breakdance-link  button-atom button-atom--primary bde-button__button\" href=\"#\" target=\"_self\" data-type=\"action\"  data-action='{\"type\":\"popup\",\"popupOptions\":{\"popupId\":\"700\"}}' >\n\n    \n        <span class=\"button-atom__text\">Startzeit buchen<\/span>\n\n        \n        \n                <\/a>\n\n    \n\n\n         <\/div><div class=\"bde-button-693-113 bde-button animate delay-4\">\n          \n              \n                                    \n    \n                    \n            \n            \n\n    \n    \n    <a class=\"breakdance-link  button-atom button-atom--secondary bde-button__button\" href=\"#gpfooter\" target=\"_self\" data-type=\"url\"  >\n\n    \n        <span class=\"button-atom__text\">Kontakt<\/span>\n\n        \n        \n                <\/a>\n\n    \n\n\n         <\/div>\n         <\/div>\n         <\/div><div class=\"bde-column-693-109 bde-column\">\n          \n          \n  \n\t\n\n\n\n<div class=\"bde-image-693-110 bde-image\">\n          \n            \n\n\n\n\n\n<figure class=\"breakdance-image breakdance-image--695\">\n\t<div class=\"breakdance-image-container\">\n\t\t<div class=\"breakdance-image-clip\">\n\t\t\t\n\t\t\t\t\n\t\t\t\t\t      \n  \n  \n  \n  \n      \n      <img\n      class=\"breakdance-image-object\"\n      src=\"https:\/\/www.golfpark-rothenbach.de\/golfclub\/wp-content\/uploads\/sites\/4\/bg_TeichmitWeide-PGH55478.jpg\"\n      width=\"2500\"\n      height=\"1408\"\n      \n      \n              srcset=\"https:\/\/www.golfpark-rothenbach.de\/golfclub\/wp-content\/uploads\/sites\/4\/bg_TeichmitWeide-PGH55478.jpg 2500w, https:\/\/www.golfpark-rothenbach.de\/golfclub\/wp-content\/uploads\/sites\/4\/bg_TeichmitWeide-PGH55478-300x169.jpg 300w, https:\/\/www.golfpark-rothenbach.de\/golfclub\/wp-content\/uploads\/sites\/4\/bg_TeichmitWeide-PGH55478-1024x577.jpg 1024w, https:\/\/www.golfpark-rothenbach.de\/golfclub\/wp-content\/uploads\/sites\/4\/bg_TeichmitWeide-PGH55478-768x433.jpg 768w, https:\/\/www.golfpark-rothenbach.de\/golfclub\/wp-content\/uploads\/sites\/4\/bg_TeichmitWeide-PGH55478-1536x865.jpg 1536w, https:\/\/www.golfpark-rothenbach.de\/golfclub\/wp-content\/uploads\/sites\/4\/bg_TeichmitWeide-PGH55478-2048x1153.jpg 2048w, https:\/\/www.golfpark-rothenbach.de\/golfclub\/wp-content\/uploads\/sites\/4\/bg_TeichmitWeide-PGH55478-18x10.jpg 18w, https:\/\/www.golfpark-rothenbach.de\/golfclub\/wp-content\/uploads\/sites\/4\/bg_TeichmitWeide-PGH55478-480x270.jpg 480w, https:\/\/www.golfpark-rothenbach.de\/golfclub\/wp-content\/uploads\/sites\/4\/bg_TeichmitWeide-PGH55478-640x360.jpg 640w, https:\/\/www.golfpark-rothenbach.de\/golfclub\/wp-content\/uploads\/sites\/4\/bg_TeichmitWeide-PGH55478-720x406.jpg 720w, https:\/\/www.golfpark-rothenbach.de\/golfclub\/wp-content\/uploads\/sites\/4\/bg_TeichmitWeide-PGH55478-960x541.jpg 960w, https:\/\/www.golfpark-rothenbach.de\/golfclub\/wp-content\/uploads\/sites\/4\/bg_TeichmitWeide-PGH55478-1168x658.jpg 1168w, https:\/\/www.golfpark-rothenbach.de\/golfclub\/wp-content\/uploads\/sites\/4\/bg_TeichmitWeide-PGH55478-1440x811.jpg 1440w, https:\/\/www.golfpark-rothenbach.de\/golfclub\/wp-content\/uploads\/sites\/4\/bg_TeichmitWeide-PGH55478-1920x1081.jpg 1920w\"\n              sizes=\"(max-width: 2500px) 100vw, 2500px\"\n          >\n  \n\n\t\t\t\t\t\n\t\t\t\t\t\t<\/div>\n\t<\/div>\n\n\t<\/figure>\n\n         <\/div>\n         <\/div><\/div><\/div>\n         <\/section><section id=\"ueber-den-platz\" class=\"bde-section-693-112 bde-section\">\n          \n          \n  \n\t\n\n\n\n<div class=\"section-container\"><div class=\"bde-div-693-114 bde-div\">\n          \n          \n  \n\t\n\n\n\n<h2 class=\"bde-heading-693-115 bde-heading\">\n          \n          \u00dcber den Platz\n         <\/h2><div class=\"bde-text-693-116 bde-text\">\n          \n          In der Ruhe liegt die Kraft. Zwischen Kiefern-\/Laubwald und Heidelandschaft, inmitten des Naturparks Maas-Schwalm-Nette, im Kreis Heinsberg, nahe der holl\u00e4ndischen Grenze, finden Sie die Ruhe, aus der Sie neue Kraft sch\u00f6pfen k\u00f6nnen. <br>Das Golfen f\u00e4llt einem zwar auch hier nicht in den Scho\u00df, aber die Voraussetzungen f\u00fcr ein gepflegtes und ungest\u00f6rtes Golf-Erlebnis sind ideal:\n         <\/div>\n         <\/div><div class=\"bde-div-693-121 bde-div\">\n          \n          \n  \n\t\n\n\n\n<div class=\"bde-icon-box-693-118 bde-icon-box\">\n          \n          \n    \n            <div class=\"ee-iconbox-icon breakdance-icon-atom\" >\n    \n                    <svg xmlns=\"http:\/\/www.w3.org\/2000\/svg\" viewBox=\"0 0 512 512\"><!-- Font Awesome Free 5.15.1 by @fontawesome - https:\/\/fontawesome.com License - https:\/\/fontawesome.com\/license\/free (Icons: CC BY 4.0, Fonts: SIL OFL 1.1, Code: MIT License) --><path d=\"M173.898 439.404l-166.4-166.4c-9.997-9.997-9.997-26.206 0-36.204l36.203-36.204c9.997-9.998 26.207-9.998 36.204 0L192 312.69 432.095 72.596c9.997-9.997 26.207-9.997 36.204 0l36.203 36.204c9.997 9.997 9.997 26.206 0 36.204l-294.4 294.401c-9.998 9.997-26.207 9.997-36.204-.001z\"\/><\/svg>\n        \n        \n        \n            <\/div>\n    \n\n<div class=\"ee-iconbox-content\">\n      <h4 class=\"ee-iconbox-title\" >DGV<\/h4>\n        <div class=\"ee-iconbox-text\" >Erste DGV-geratete und handicapwirksame 9-Loch-Golfanlage der Region<\/div>\n    <\/div>\n\n         <\/div><div class=\"bde-icon-box-693-126 bde-icon-box\">\n          \n          \n    \n            <div class=\"ee-iconbox-icon breakdance-icon-atom\" >\n    \n                    <svg xmlns=\"http:\/\/www.w3.org\/2000\/svg\" viewBox=\"0 0 512 512\"><!-- Font Awesome Free 5.15.1 by @fontawesome - https:\/\/fontawesome.com License - https:\/\/fontawesome.com\/license\/free (Icons: CC BY 4.0, Fonts: SIL OFL 1.1, Code: MIT License) --><path d=\"M173.898 439.404l-166.4-166.4c-9.997-9.997-9.997-26.206 0-36.204l36.203-36.204c9.997-9.998 26.207-9.998 36.204 0L192 312.69 432.095 72.596c9.997-9.997 26.207-9.997 36.204 0l36.203 36.204c9.997 9.997 9.997 26.206 0 36.204l-294.4 294.401c-9.998 9.997-26.207 9.997-36.204-.001z\"\/><\/svg>\n        \n        \n        \n            <\/div>\n    \n\n<div class=\"ee-iconbox-content\">\n      <h4 class=\"ee-iconbox-title\" >F\u00fcr Anf\u00e4nger<\/h4>\n        <div class=\"ee-iconbox-text\" >Bestens geeignet f\u00fcr Anf\u00e4nger, aber auch f\u00fcr sportlich ambitionierte Golfer<\/div>\n    <\/div>\n\n         <\/div><div class=\"bde-icon-box-693-127 bde-icon-box\">\n          \n          \n    \n            <div class=\"ee-iconbox-icon breakdance-icon-atom\" >\n    \n                    <svg xmlns=\"http:\/\/www.w3.org\/2000\/svg\" viewBox=\"0 0 512 512\"><!-- Font Awesome Free 5.15.1 by @fontawesome - https:\/\/fontawesome.com License - https:\/\/fontawesome.com\/license\/free (Icons: CC BY 4.0, Fonts: SIL OFL 1.1, Code: MIT License) --><path d=\"M173.898 439.404l-166.4-166.4c-9.997-9.997-9.997-26.206 0-36.204l36.203-36.204c9.997-9.998 26.207-9.998 36.204 0L192 312.69 432.095 72.596c9.997-9.997 26.207-9.997 36.204 0l36.203 36.204c9.997 9.997 9.997 26.206 0 36.204l-294.4 294.401c-9.998 9.997-26.207 9.997-36.204-.001z\"\/><\/svg>\n        \n        \n        \n            <\/div>\n    \n\n<div class=\"ee-iconbox-content\">\n      <h4 class=\"ee-iconbox-title\" >Berufst\u00e4tig<\/h4>\n        <div class=\"ee-iconbox-text\" >Besonders beliebt bei Berufst\u00e4tigen, die nicht immer 18 L\u00f6cher gehen k\u00f6nnen<\/div>\n    <\/div>\n\n         <\/div><div class=\"bde-icon-box-693-128 bde-icon-box\">\n          \n          \n    \n            <div class=\"ee-iconbox-icon breakdance-icon-atom\" >\n    \n                    <svg xmlns=\"http:\/\/www.w3.org\/2000\/svg\" viewBox=\"0 0 512 512\"><!-- Font Awesome Free 5.15.1 by @fontawesome - https:\/\/fontawesome.com License - https:\/\/fontawesome.com\/license\/free (Icons: CC BY 4.0, Fonts: SIL OFL 1.1, Code: MIT License) --><path d=\"M173.898 439.404l-166.4-166.4c-9.997-9.997-9.997-26.206 0-36.204l36.203-36.204c9.997-9.998 26.207-9.998 36.204 0L192 312.69 432.095 72.596c9.997-9.997 26.207-9.997 36.204 0l36.203 36.204c9.997 9.997 9.997 26.206 0 36.204l-294.4 294.401c-9.998 9.997-26.207 9.997-36.204-.001z\"\/><\/svg>\n        \n        \n        \n            <\/div>\n    \n\n<div class=\"ee-iconbox-content\">\n      <h4 class=\"ee-iconbox-title\" >Locker<\/h4>\n        <div class=\"ee-iconbox-text\" >Ungezwungene und famili\u00e4re Atmosph\u00e4re<\/div>\n    <\/div>\n\n         <\/div>\n         <\/div><\/div>\n         <\/section><section class=\"bde-section-693-133 bde-section\">\n          \n          \n  \n\t\n\n\n\n<div class=\"section-container\"><h2 class=\"bde-heading-693-135 bde-heading\">\n          \n          W\u00f6chentliche Turniere der Spielgruppen\n         <\/h2><div class=\"bde-text-693-591 bde-text\">\n          \n          Der Golfclub Residenz Rothenbach veranstaltet w\u00f6chentlich Turniere f\u00fcr die Spielgruppen Senioren, Herren und Damen. <br>Hier finden Sie alles Wissenswerte dar\u00fcber.<br><br>Die Anmeldung erfolgt \u00fcber die PC CADDIE-App.\n         <\/div><div class=\"bde-div-693-629 bde-div\">\n          \n          \n  \n\t\n\n\n\n<div class=\"bde-icon-box-693-625 bde-icon-box\">\n          \n          \n    \n            <div class=\"ee-iconbox-icon breakdance-icon-atom\" >\n    \n                    <svg width=\"800px\" height=\"800px\" viewBox=\"0 0 16 16\" version=\"1.1\" xmlns=\"http:\/\/www.w3.org\/2000\/svg\" xmlns:xlink=\"http:\/\/www.w3.org\/1999\/xlink\">\n<path fill=\"#444\" d=\"M7 2c0 1.105-0.895 2-2 2s-2-0.895-2-2c0-1.105 0.895-2 2-2s2 0.895 2 2z\"\/>\n<path fill=\"#444\" d=\"M9.8 1.8c-0.2-0.5-1.7-0.1-2 0.5-0.2 0.3-0.2 1.2-1.2 1.9-0.8 0.5-1.6 0.5-1.6 0.5-0.3 0.6-0.1 1.1 0.2 1.6 0.5 0.9 0.6 1.8 0.7 2.8 0.1 1.3-0.5 2.4-2.3 3.2-0.8 0.3-1.3 0.9-1 1.9 0 0 2-0.3 3.1-1.2 1.5-1.2 1.8-2.3 1.8-2.3s0.1 0.7 0 1.9c-0.1 1-0.2 1.5-0.4 2.2s0.3 1.2 0.9 1.2 1-0.4 1-1l0.3-1.9c0.3-2.1 0-4.3-0.8-6.3 0-0.1-0.1-0.1-0.1-0.2-0.6-1.6 0.2-2.6 0.6-3 0.3-0.4 1.2-1.2 0.8-1.8z\"\/>\n<path fill=\"#444\" d=\"M12 0v10h1v-6l3-2z\"\/>\n<path fill=\"#444\" d=\"M16 10c0 0.552-0.448 1-1 1s-1-0.448-1-1c0-0.552 0.448-1 1-1s1 0.448 1 1z\"\/>\n<path fill=\"#444\" d=\"M1 8.4l3.7-3.7-0.7-0.3-3.8 3.6c0 0-0.4 0.7 0.1 1.7s1.6 0.3 1.6 0.3c0.4-0.2 0.2-0.4 0-0.6s-0.9-1-0.9-1z\"\/>\n<\/svg>\n        \n        \n        \n            <\/div>\n    \n\n<div class=\"ee-iconbox-content\">\n      <h3 class=\"ee-iconbox-title\" >Seniorentag<\/h3>\n        <div class=\"ee-iconbox-text\" >Unsere Senioren spielen immer dienstags (Sommer und Winter) um 11 Uhr mit Kanonenstart. Mehrmals im Jahr werden ausw\u00e4rtige Pl\u00e4tze gespielt. Captain ist Ria Hendrikx.<\/div>\n            \n                                    \n    \n            <button type=\"button\" class=\"button-atom button-atom--text ee-iconbox-button\" >\n    \n        <span class=\"button-atom__text\">Turnierkalender<\/span>\n\n        \n        \n            <\/button>\n    \n\n  <\/div>\n\n         <\/div><div class=\"bde-icon-box-693-627 bde-icon-box\">\n          \n          \n    \n            <div class=\"ee-iconbox-icon breakdance-icon-atom\" >\n    \n                    <svg width=\"800px\" height=\"800px\" viewBox=\"0 0 16 16\" version=\"1.1\" xmlns=\"http:\/\/www.w3.org\/2000\/svg\" xmlns:xlink=\"http:\/\/www.w3.org\/1999\/xlink\">\n<path fill=\"#444\" d=\"M7 2c0 1.105-0.895 2-2 2s-2-0.895-2-2c0-1.105 0.895-2 2-2s2 0.895 2 2z\"\/>\n<path fill=\"#444\" d=\"M9.8 1.8c-0.2-0.5-1.7-0.1-2 0.5-0.2 0.3-0.2 1.2-1.2 1.9-0.8 0.5-1.6 0.5-1.6 0.5-0.3 0.6-0.1 1.1 0.2 1.6 0.5 0.9 0.6 1.8 0.7 2.8 0.1 1.3-0.5 2.4-2.3 3.2-0.8 0.3-1.3 0.9-1 1.9 0 0 2-0.3 3.1-1.2 1.5-1.2 1.8-2.3 1.8-2.3s0.1 0.7 0 1.9c-0.1 1-0.2 1.5-0.4 2.2s0.3 1.2 0.9 1.2 1-0.4 1-1l0.3-1.9c0.3-2.1 0-4.3-0.8-6.3 0-0.1-0.1-0.1-0.1-0.2-0.6-1.6 0.2-2.6 0.6-3 0.3-0.4 1.2-1.2 0.8-1.8z\"\/>\n<path fill=\"#444\" d=\"M12 0v10h1v-6l3-2z\"\/>\n<path fill=\"#444\" d=\"M16 10c0 0.552-0.448 1-1 1s-1-0.448-1-1c0-0.552 0.448-1 1-1s1 0.448 1 1z\"\/>\n<path fill=\"#444\" d=\"M1 8.4l3.7-3.7-0.7-0.3-3.8 3.6c0 0-0.4 0.7 0.1 1.7s1.6 0.3 1.6 0.3c0.4-0.2 0.2-0.4 0-0.6s-0.9-1-0.9-1z\"\/>\n<\/svg>\n        \n        \n        \n            <\/div>\n    \n\n<div class=\"ee-iconbox-content\">\n      <h3 class=\"ee-iconbox-title\" >Herrentag<\/h3>\n        <div class=\"ee-iconbox-text\" >Unsere Herren spielen mittwochs 18-Loch. Startzeit im Winter 12 Uhr, im Sommer 14 Uhr. Die 9-Loch Turniere starten jeweils 90 Minuten sp\u00e4ter. Captain ist Norbert Berens. <\/div>\n            \n                                    \n    \n            <button type=\"button\" class=\"button-atom button-atom--text ee-iconbox-button\" >\n    \n        <span class=\"button-atom__text\">Turnierkalender<\/span>\n\n        \n        \n            <\/button>\n    \n\n  <\/div>\n\n         <\/div><div class=\"bde-icon-box-693-628 bde-icon-box\">\n          \n          \n    \n            <div class=\"ee-iconbox-icon breakdance-icon-atom\" >\n    \n                    <svg width=\"800px\" height=\"800px\" viewBox=\"0 0 16 16\" version=\"1.1\" xmlns=\"http:\/\/www.w3.org\/2000\/svg\" xmlns:xlink=\"http:\/\/www.w3.org\/1999\/xlink\">\n<path fill=\"#444\" d=\"M7 2c0 1.105-0.895 2-2 2s-2-0.895-2-2c0-1.105 0.895-2 2-2s2 0.895 2 2z\"\/>\n<path fill=\"#444\" d=\"M9.8 1.8c-0.2-0.5-1.7-0.1-2 0.5-0.2 0.3-0.2 1.2-1.2 1.9-0.8 0.5-1.6 0.5-1.6 0.5-0.3 0.6-0.1 1.1 0.2 1.6 0.5 0.9 0.6 1.8 0.7 2.8 0.1 1.3-0.5 2.4-2.3 3.2-0.8 0.3-1.3 0.9-1 1.9 0 0 2-0.3 3.1-1.2 1.5-1.2 1.8-2.3 1.8-2.3s0.1 0.7 0 1.9c-0.1 1-0.2 1.5-0.4 2.2s0.3 1.2 0.9 1.2 1-0.4 1-1l0.3-1.9c0.3-2.1 0-4.3-0.8-6.3 0-0.1-0.1-0.1-0.1-0.2-0.6-1.6 0.2-2.6 0.6-3 0.3-0.4 1.2-1.2 0.8-1.8z\"\/>\n<path fill=\"#444\" d=\"M12 0v10h1v-6l3-2z\"\/>\n<path fill=\"#444\" d=\"M16 10c0 0.552-0.448 1-1 1s-1-0.448-1-1c0-0.552 0.448-1 1-1s1 0.448 1 1z\"\/>\n<path fill=\"#444\" d=\"M1 8.4l3.7-3.7-0.7-0.3-3.8 3.6c0 0-0.4 0.7 0.1 1.7s1.6 0.3 1.6 0.3c0.4-0.2 0.2-0.4 0-0.6s-0.9-1-0.9-1z\"\/>\n<\/svg>\n        \n        \n        \n            <\/div>\n    \n\n<div class=\"ee-iconbox-content\">\n      <h3 class=\"ee-iconbox-title\" >Damentag<\/h3>\n        <div class=\"ee-iconbox-text\" >Unsere Damen spielen donnerstags. Im Winter werden 9 L\u00f6cher ab 14 Uhr gespielt, im Sommer 18 L\u00f6cher ab 14 Uhr. Mehrmals im Jahr werden ausw\u00e4rtige Pl\u00e4tze gespielt. Captain ist Gerty Kamps.<\/div>\n            \n                                    \n    \n            <button type=\"button\" class=\"button-atom button-atom--text ee-iconbox-button\" >\n    \n        <span class=\"button-atom__text\">Turnierkalender<\/span>\n\n        \n        \n            <\/button>\n    \n\n  <\/div>\n\n         <\/div>\n         <\/div><div class=\"bde-text-693-138 bde-text\">\n          \n          \n         <\/div><\/div>\n         <\/section><section id=\"turniere\" class=\"bde-section-693-592 bde-section\">\n          \n          \n  \n\t\n\n\n\n<div class=\"section-container\"><h2 class=\"bde-heading-693-593 bde-heading\">\n          \n          Turnierkalender 2026\n         <\/h2><div class=\"bde-text-693-595 bde-text\">\n          \n          Hier finden Sie den Turnierkalender f\u00fcr das Jahr 2026 (\u00c4nderungen vorbehalten). Alle Turnieranmeldungen werden \u00fcber die PC CADDIE abgewickelt.<br><br>Der Turnierkalender wird als PDF-Dokument ge\u00f6ffnet bzw. heruntergeladen.\n         <\/div><div class=\"bde-button-693-635 bde-button\">\n          \n              \n                                    \n    \n                    \n            \n            \n\n    \n    \n    <a class=\"breakdance-link  button-atom button-atom--primary bde-button__button\" href=\"https:\/\/www.golfpark-rothenbach.de\/golfclub\/wp-content\/uploads\/sites\/4\/Turnierkalender-2026-V2.pdf\" target=\"_self\" data-type=\"url\"  >\n\n    \n        <span class=\"button-atom__text\">Turnierkalender 2026 \u00f6ffnen<\/span>\n\n        \n        \n                <\/a>\n\n    \n\n\n         <\/div><\/div>\n         <\/section><section id=\"vorstand\" class=\"bde-section-693-631 bde-section\">\n          \n          \n  \n\t\n\n\n\n<div class=\"section-container\"><h2 class=\"bde-heading-693-632 bde-heading\">\n          \n          Der Vorstand\n         <\/h2><div class=\"bde-image-693-633 bde-image\">\n          \n           \n\n\n\n\n\n<figure class=\"breakdance-image breakdance-image--811\">\n\t<div class=\"breakdance-image-container\">\n\t\t<div class=\"breakdance-image-clip\">\n\t\t\t\n\t\t\t\t\n\t\t\t\t\t      \n  \n  \n  \n  \n      \n      <img\n      class=\"breakdance-image-object\"\n      src=\"https:\/\/www.golfpark-rothenbach.de\/golfclub\/wp-content\/uploads\/sites\/4\/Schulmuseum-54180.jpg\"\n      width=\"1000\"\n      height=\"665\"\n      alt=\"Foto Vorstand 2026\"\n      \n              srcset=\"https:\/\/www.golfpark-rothenbach.de\/golfclub\/wp-content\/uploads\/sites\/4\/Schulmuseum-54180.jpg 1000w, https:\/\/www.golfpark-rothenbach.de\/golfclub\/wp-content\/uploads\/sites\/4\/Schulmuseum-54180-300x200.jpg 300w, https:\/\/www.golfpark-rothenbach.de\/golfclub\/wp-content\/uploads\/sites\/4\/Schulmuseum-54180-768x511.jpg 768w, https:\/\/www.golfpark-rothenbach.de\/golfclub\/wp-content\/uploads\/sites\/4\/Schulmuseum-54180-18x12.jpg 18w, https:\/\/www.golfpark-rothenbach.de\/golfclub\/wp-content\/uploads\/sites\/4\/Schulmuseum-54180-480x319.jpg 480w, https:\/\/www.golfpark-rothenbach.de\/golfclub\/wp-content\/uploads\/sites\/4\/Schulmuseum-54180-640x426.jpg 640w, https:\/\/www.golfpark-rothenbach.de\/golfclub\/wp-content\/uploads\/sites\/4\/Schulmuseum-54180-720x479.jpg 720w, https:\/\/www.golfpark-rothenbach.de\/golfclub\/wp-content\/uploads\/sites\/4\/Schulmuseum-54180-960x638.jpg 960w\"\n              sizes=\"(max-width: 1000px) 100vw, 1000px\"\n          >\n  \n\n\t\t\t\t\t\n\t\t\t\t\t\t<\/div>\n\t<\/div>\n\n\t\t\t<figcaption class=\"breakdance-image__caption\">\n\t\t\tvon links: Frans Schreurs (Pr\u00e4sident), Ineke Mertens (Sportwartin), Manfred P\u00fcsche  (Gesch\u00e4ftsf\u00fchrer),  Norbert Rexing (Vizepr\u00e4sident), Patrick Baum (Kassierer), \n\t\t<\/figcaption>\n\t<\/figure>\n\n         <\/div><div class=\"bde-text-693-634 bde-text\">\n          \n          \n         <\/div><\/div>\n         <\/section><section id=\"archiv\" class=\"bde-section-693-588 bde-section\">\n          \n          \n  \n\t\n\n\n\n<div class=\"section-container\"><\/div>\n         <\/section><section id=\"preise\" class=\"bde-section-693-531 bde-section\">\n          \n          \n              \n  \n\t\n\n  <div class=\"section-background-overlay\"><\/div>\n\n\n<div class=\"section-container\"><h3 class=\"bde-heading-693-533 bde-heading\">\n          \n          Mitgliedsbeitr\u00e4ge (g\u00fcltig ab 2025, vorbehaltlich der Entscheidung in der Mitgliederversammlung 2025):\n         <\/h3><div class=\"bde-code-block-693-586 bde-code-block\">\n          \n          \n  <div class=\"dcf-overflow-x-auto\" tabindex=\"0\">\n<table class=\"dcf-table dcf-table-bordered dcf-table-striped dcf-w-100%\">\n\t\n\t<tbody>\n\t\t<tr>\n\t\t\t<td>1.<\/td>\n\t\t\t<td>ordentliches Mitglied ab vollendetem 18. Lebensjahr<\/td>\n\t\t\t<td>55\u20ac<\/td>\n\t\t<\/tr>\n\t\t<tr>\n\t\t\t<td>2.<\/td>\n\t\t\t<td>Mitglieder in der Berufs- oder Schulausbildung bis zur Vollendung des 27. Lebensjahres\t<\/td>\n\t\t\t<td>55\u20ac<\/td>\n\t\t<\/tr>\n\t\t<tr>\n\t\t\t<td>3.<\/td>\n\t\t\t<td>Jugendliche ab vollendetem 15. Lebensjahr\t<\/td>\n\t\t\t<td>25\u20ac<\/td>\n\t\t<\/tr>\n\t\t<tr>\n\t\t\t<td>4.<\/td>\n\t\t\t<td>Jugendliche (Kinder) bis zum vollendeten 15. Lebensjahr\t<\/td>\n\t\t\t<td>25\u20ac<\/td>\n\t\t<\/tr>\n\t\t<tr>\n\t\t\t<td>5.<\/td>\n\t\t\t<td>Mitglieder des ehemaligen Golfclubs der Mercury Kaserne Rothenbach\t<\/td>\n\t\t\t<td>55\u20ac<\/td>\n\t\t<\/tr>\n\t\t<tr>\n\t\t\t<td>6.<\/td>\n\t\t\t<td>Zweitmitglieder (Vollmitgliedschaft nachgewiesen)<\/td>\n\t\t\t<td>55\u20ac<\/td>\n\t\t<\/tr>\n\t\t<tr>\n\t\t\t<td>7.<\/td>\n\t\t\t<td>Passivmitgliedschaft<\/td>\n\t\t\t<td>35\u20ac<\/td>\n\t\t<\/tr>\n\t<\/tbody>\n<\/table><\/div>\n\n\n\n         <\/div><div class=\"bde-rich-text-693-587 bde-rich-text breakdance-rich-text-styles\">\n          \n          <p>Teilzahlungen und R\u00fcckverg\u00fctungen von Mitgliedsbeitr\u00e4gen sind grunds\u00e4tzlich nicht m\u00f6glich. Eine K\u00fcndigung kann grunds\u00e4tzlich nur bei Einhaltung einer dreimonatigen K\u00fcndigungsfrist zum Ende eines Kalenderjahres (31.12.) erfolgen.<\/p><p><strong>Beitragsnachlass - Zahlungserleichterungen - Sonderbeitr\u00e4ge:<\/strong><\/p><ol><li><p>Der Vorstand ist erm\u00e4chtigt, in begr\u00fcndeten und vertretbaren Einzelf\u00e4llen Beitragsnachl\u00e4sse oder Zahlungserleichterungen festzusetzen.<\/p><\/li><li><p>Diese Sonderregelung kann jeweils nur f\u00fcr ein Wirtschaftsjahr gelten und muss vom Mitglied schriftlich beantragt werden.<\/p><\/li><li><p>Der Vorstandsbeschluss ist dem Mitglied ebenfalls schriftlich mitzuteilen.<br><\/p><\/li><\/ol><p><strong>Neueintritte:<\/strong><\/p><p>Die Mitgliedsbeitr\u00e4ge sind grunds\u00e4tzlich Jahresbeitr\u00e4ge. Eine anteilige Berechnung bei Eintritt im Laufe eines Jahres ist grunds\u00e4tzlich nicht vorgesehen.<\/p><p>Bitte beachten: F\u00fcr die Nutzung der Golfanlage ist parallel zur Mitgliedschaft im Golfclub der Abschluss eines Spielrechtsvertrags mit der Betreibergesellschaft notwendig.<\/p><p><strong>Kontoverbindung:<\/strong><\/p><p>IBAN: DE76 3125 1220 0002 6014 25<br>BIC\/SWIFT-Code: WELADED1ERK<\/p>\n         <\/div><\/div>\n         <\/section>","protected":false},"excerpt":{"rendered":"","protected":false},"author":1,"featured_media":0,"parent":0,"menu_order":0,"comment_status":"closed","ping_status":"closed","template":"","meta":{"_breakdance_hide_in_design_set":false,"_breakdance_tags":""},"acf":[],"_links":{"self":[{"href":"https:\/\/www.golfpark-rothenbach.de\/golfclub\/wp-json\/wp\/v2\/pages\/693"}],"collection":[{"href":"https:\/\/www.golfpark-rothenbach.de\/golfclub\/wp-json\/wp\/v2\/pages"}],"about":[{"href":"https:\/\/www.golfpark-rothenbach.de\/golfclub\/wp-json\/wp\/v2\/types\/page"}],"author":[{"embeddable":true,"href":"https:\/\/www.golfpark-rothenbach.de\/golfclub\/wp-json\/wp\/v2\/users\/1"}],"replies":[{"embeddable":true,"href":"https:\/\/www.golfpark-rothenbach.de\/golfclub\/wp-json\/wp\/v2\/comments?post=693"}],"version-history":[{"count":10,"href":"https:\/\/www.golfpark-rothenbach.de\/golfclub\/wp-json\/wp\/v2\/pages\/693\/revisions"}],"predecessor-version":[{"id":815,"href":"https:\/\/www.golfpark-rothenbach.de\/golfclub\/wp-json\/wp\/v2\/pages\/693\/revisions\/815"}],"wp:attachment":[{"href":"https:\/\/www.golfpark-rothenbach.de\/golfclub\/wp-json\/wp\/v2\/media?parent=693"}],"curies":[{"name":"wp","href":"https:\/\/api.w.org\/{rel}","templated":true}]}}